{"id":11,"date":"2018-11-17T20:28:18","date_gmt":"2018-11-17T19:28:18","guid":{"rendered":"http:\/\/www.enimerosi.de\/?page_id=11"},"modified":"2023-12-04T19:45:06","modified_gmt":"2023-12-04T18:45:06","slug":"%ce%b9%ce%b1%cf%84%cf%81%ce%bf%ce%af","status":"publish","type":"page","link":"https:\/\/www.enimerosi.de\/?page_id=11","title":{"rendered":"\u0399\u03b1\u03c4\u03c1\u03bf\u03af"},"content":{"rendered":"<ul type=\"DISC\">\n<li style=\"list-style-type: none;\">\n<ul type=\"DISC\">\n<li><b>Balogiannis Dimitris und Zarkada-Balogianni Efthymia, <\/b>Zahn\u00e4rzte, Domb\u00fchler Strasse 8, 90449 N\u00fcrnberg, 0911 67 40 00<\/li>\n<li><b>Chrissovergis Theodoros Dr., <\/b>Zahnarzt, Schwabacher Str. 40-42, 90762 F\u00fcrth, 0911 7 66 54 01<\/li>\n<li><b>Davaroukas, Aristoteles, Dr. med. <\/b>Urologe, Hefnersplatz 1, 90402 N\u00fcrnberg, 0911 244 9999<\/li>\n<li><b>Doumouras Dimitris Dr. med. <\/b>Plastische und \u00e4sthetische Chirurgie, Kaiserstr. 36, 90403 N\u00fcrnberg, 0911 2 74 3131<\/li>\n<li><b>Eder Elena Dr. med. Frauenarzt,<\/b> Poppenreuther Str. 3, 90765 F\u00fcrth, 0911 790 60 44<\/li>\n<li><b>Giannacacos Vassilios, Frauenarzt, <\/b>Gynaekologe, Hauptstr. 88, 90547 Stein, 0911 68 77 23<\/li>\n<li><b>Giotakis Georgios, <\/b>Kieferorthop\u00e4de, Leipziger Platz 21, 90491 N\u00fcrnberg, 0911 5 19 46 80<\/li>\n<li><b>Grammatikopoulou Marina, <\/b>Zahn\u00e4rztin<b>, <\/b>Am Plaerrer 19 \/ 21 , 90443 N\u00fcrnberg, 0911 6 88 70 67<\/li>\n<li><b>Kagmakis Eleftherios, <\/b>Facharzt fuer Gynaekologie, Kopernikusplatz 5, 90459 N\u00fcrnberg, 0911 37 65 28 30<\/li>\n<li><b>Kasfiki Eleni, <\/b>Allgemeinmediziner, Karolinenstrasse 27, 90402 N\u00fcrnberg, 0911 99 28 600<\/li>\n<li><b>Kontou Eleni, <\/b>Zahnaerztin, Hans Boeckler Str. 96, 90765 Fuerth, 0911 79 06 379<\/li>\n<li><strong>Kyriakidis Vasileios<\/strong>, Zahnarztpraxis, N\u00fcrnberger Str. 18a, 91207 Lauf, 09123 96 65 96<\/li>\n<li><b>Kriem-Terzoglou Sofia Dr. und Efstratios Terzoglou,\u00a0 <\/b>Zahn\u00e4rzte, Allersbergerstr. 33, 90461 N\u00fcrnberg, 0911 541166<\/li>\n<li><b>Maniatoglou Anastasios, <\/b>Internist, Ansbacher Str. 132, MEDIC-CENTER N\u00fcrnberg, 0911 67 64 78<\/li>\n<li><b>Maradidu-Pomaki Agni, <\/b>Zahn\u00e4rztin, Maximilianstr. 42, 90429 N\u00fcrnberg, 0911 315 302<\/li>\n<li><b>Manikas Konstantinos, <\/b>Zahnarzt, Am Pl\u00e4rrer 25, 90443 N\u00fcrnberg, 0911 49 33 66<\/li>\n<li><b>Pahis Georgios Dr. med<\/b>, Hals Nasen Ohren Arzt, Elisabeth-Seibert-Platz 1, 90473 N\u00fcrnberg, 0911 81 742 40<\/li>\n<li><strong>Papachristou Chrissi Dr., <\/strong>Augenarzt, Leipziger Platz 21, 90491 N\u00fcrnberg, 0911 567 909 60<\/li>\n<li><strong>Papageorgiou Polykarpos Dr.,<\/strong>\u00a0Facharzt f\u00fcr Kardiologie, \u00c4u\u00dfere Sulzbacher Str. 118, 90491 N\u00fcrnberg, 0911 95 99 00<\/li>\n<li><strong>Pappas Vaios<\/strong>, Zahnarzt, Kopernikusplatz 5, 90459 N\u00fcrnberg, 0911 446 95 73<\/li>\n<li><strong>Parsalidis Ilias<\/strong>, Facharzt f\u00fcr Augenheilkunde, Eisenstra\u00dfe 1, 90547 Stein, 0911 252691 11<\/li>\n<li><b>Petridis Stefanos<\/b>, Facharzt fuer Allg. Medizin, Hausarzt, Josephsplatz 20, 90403 N\u00fcrnberg, 0911 22 20 20<\/li>\n<li><b>Petridou Zoi<\/b>, prakt. Aerztin, Am Plaerrer 25, 90443 N\u00fcrnberg, 0911 28 83 50<\/li>\n<li><b>Tsepi Konstantina,<\/b>\u00a0Fach\u00e4rztin f\u00fcr Kardiologie, \u00c4u\u00dfere Sulzbacher Str. 8-10, 90489 N\u00fcrnberg, 0911 53 30 03<\/li>\n<li><b>Tsolidou Kyriaki Frauenaerztin, <\/b>Gynaekologin, Nuernberger Str. 29a, 90513 Zirndorf, 0911 600 2300<\/li>\n<li><b>Varelas Joannis Dr<\/b>, Kardiologe, \u00c4u\u00dfere Sulzbacher Str. 118, 90491 N\u00fcrnberg, 0911 95 99 00<\/li>\n<li><b>Xygas Georgios, <\/b>Zahnarzt, Dr.-Kurt-Schumacher-Str. 25, 90402 N\u00fcrnberg, 0911 22 51 83<\/li>\n<\/ul>\n<\/li>\n<\/ul>\n<ul type=\"DISC\">\n<li style=\"list-style-type: none;\"><\/li>\n<\/ul>\n","protected":false},"excerpt":{"rendered":"<p>Balogiannis Dimitris und Zarkada-Balogianni Efthymia, Zahn\u00e4rzte, Domb\u00fchler Strasse 8, 90449 N\u00fcrnberg, 0911 67 40 00 Chrissovergis Theodoros Dr., Zahnarzt, Schwabacher Str. 40-42, 90762 F\u00fcrth, 0911 7 66 54 01 Davaroukas, Aristoteles, Dr. med. Urologe, Hefnersplatz 1, 90402 N\u00fcrnberg, 0911 244 9999 Doumouras Dimitris Dr. med. Plastische und \u00e4sthetische Chirurgie, Kaiserstr. 36, 90403 N\u00fcrnberg, 0911 2 [&hellip;]<\/p>\n","protected":false},"author":1,"featured_media":0,"parent":0,"menu_order":2,"comment_status":"closed","ping_status":"closed","template":"","meta":{"footnotes":""},"class_list":["post-11","page","type-page","status-publish","hentry"],"_links":{"self":[{"href":"https:\/\/www.enimerosi.de\/index.php?rest_route=\/wp\/v2\/pages\/11","targetHints":{"allow":["GET"]}}],"collection":[{"href":"https:\/\/www.enimerosi.de\/index.php?rest_route=\/wp\/v2\/pages"}],"about":[{"href":"https:\/\/www.enimerosi.de\/index.php?rest_route=\/wp\/v2\/types\/page"}],"author":[{"embeddable":true,"href":"https:\/\/www.enimerosi.de\/index.php?rest_route=\/wp\/v2\/users\/1"}],"replies":[{"embeddable":true,"href":"https:\/\/www.enimerosi.de\/index.php?rest_route=%2Fwp%2Fv2%2Fcomments&post=11"}],"version-history":[{"count":20,"href":"https:\/\/www.enimerosi.de\/index.php?rest_route=\/wp\/v2\/pages\/11\/revisions"}],"predecessor-version":[{"id":454,"href":"https:\/\/www.enimerosi.de\/index.php?rest_route=\/wp\/v2\/pages\/11\/revisions\/454"}],"wp:attachment":[{"href":"https:\/\/www.enimerosi.de\/index.php?rest_route=%2Fwp%2Fv2%2Fmedia&parent=11"}],"curies":[{"name":"wp","href":"https:\/\/api.w.org\/{rel}","templated":true}]}}