{"id":389,"date":"2021-02-01T17:13:50","date_gmt":"2021-02-01T16:13:50","guid":{"rendered":"http:\/\/www.enimerosi.de\/?page_id=389"},"modified":"2021-02-01T17:29:13","modified_gmt":"2021-02-01T16:29:13","slug":"%cf%83%cf%85%ce%bd%ce%b5%ce%bd%cf%84%ce%b5%cf%8d%ce%be%ce%b5%ce%b9%cf%82","status":"publish","type":"page","link":"https:\/\/www.enimerosi.de\/?page_id=389","title":{"rendered":"\u03a3\u03c5\u03bd\u03b5\u03bd\u03c4\u03b5\u03cd\u03be\u03b5\u03b9\u03c2"},"content":{"rendered":"<h3><strong>01.02.2021 \u03a3\u03c5\u03bd\u03ad\u03bd\u03c4\u03b5\u03c5\u03be\u03b7 \u03bc\u03b5 \u03c4\u03bf\u03bd \u0394\u03ae\u03bc\u03b1\u03c1\u03c7\u03bf \u039d\u03c5\u03c1\u03b5\u03bc\u03b2\u03ad\u03c1\u03b3\u03b7\u03c2 Marcus K\u00f6nig &#8211; \u03a4\u03bf \u03ba\u03b5\u03af\u03bc\u03b5\u03bd\u03bf \u03c4\u03b7\u03c2 \u03c3\u03c5\u03bd\u03ad\u03bd\u03c4\u03b5\u03c5\u03be\u03b7\u03c2 \u03b5\u03af\u03bd\u03b1\u03b9 \u03b1\u03c0\u03bf\u03ba\u03bb\u03b5\u03b9\u03c3\u03c4\u03b9\u03ba\u03ac \u03c3\u03c4\u03b7 \u03b3\u03b5\u03c1\u03bc\u03b1\u03bd\u03b9\u03ba\u03ae \u03b3\u03bb\u03ce\u03c3\u03c3\u03b1\u00a0<\/strong><\/h3>\n<p>Foto: Tanja Bolte<\/p>\n<p><strong>ENIMEROSI: Herr K\u00f6nig, Sie haben Ihr Amt w\u00e4hrend des ersten Lockdowns \u00fcbernommen. H\u00e4tten Sie sich einen einfacheren Start als Oberb\u00fcrgermeister gew\u00fcnscht?<\/strong><\/p>\n<p>Zun\u00e4chst einmal: Kalimera und vielen Dank an die W\u00e4hlerinnen und W\u00e4hlern, selbstverst\u00e4ndlich auch an jene mit griechischer Herkunft, f\u00fcr das Vertrauen und die Wahl zum Oberb\u00fcrgermeister. Ich sage immer, dass das Amt des Oberb\u00fcrgermeisters der Stadt N\u00fcrnberg mein Traumjob ist \u2013 und das auch trotz aller Herausforderungen. Einfacher w\u00e4re sicher sch\u00f6ner gewesen, aber mir ist jetzt wichtig, dass wir als Stadtspitze die Stadt nun gut durch die Krise f\u00fchren.<\/p>\n<p><strong>ENIMEROSI: Wie viele Griechen wohnen in N\u00fcrnberg und wie viele sind in den letzten f\u00fcnf Jahren neu dazugekommen?<\/strong><\/p>\n<p>Ich bin froh, dass wir eine lebendige und vielf\u00e4ltige griechische Community in N\u00fcrnberg haben. Menschen, die eine Migrationsgeschichte haben, beleben und bereichern unsere Stadtgesellschaft. Aktuell leben fast 12.000 griechische Staatsb\u00fcrgerinnen und Staatsb\u00fcrger in unserer Stadt, hinzu kommen etwa 3.000 B\u00fcrgerinnen und B\u00fcrger, die sowohl die deutsche als auch die griechische Staatsb\u00fcrgerschaft haben. Die Community w\u00e4chst \u2013 denn 2015 waren es noch rund 11.000 Menschen mit griechischer Staatsb\u00fcrgerschaft, 2.400 mit Doppel-Staatsb\u00fcrgerschaft. Aber das sind \u201enur\u201c die Zahlen. Wichtig ist mir, dass sich die Griechinnen und Griechen eben auch als N\u00fcrnbergerinnen und N\u00fcrnberger sehen und dass sie gerne in N\u00fcrnberg leben.<\/p>\n<p><strong>ENIMEROSI: Wie sind die Pl\u00e4ne f\u00fcr das Nachbarschaftshaus Gostenhof, in dem viele griechische Vereine ihren Sitz haben?<\/strong><\/p>\n<p>Die Haushaltslage ist derzeit nat\u00fcrlich schwierig. Das Nachbarschaftshaus Gostenhof ist aber eine unverzichtbare Einrichtung f\u00fcr viele interkulturelle Vereine, f\u00fcr Ehrenamt, Selbsthilfe, Beratung und vieles mehr. Die Stadt N\u00fcrnberg erm\u00f6glicht durch die Bereitstellung des Hauses Teilhabem\u00f6glichkeiten f\u00fcr alle B\u00fcrgerinnen und B\u00fcrger \u2013 und das soll auch so bleiben.<\/p>\n<p>Die Sanierungsnotwendigkeit steht au\u00dfer Zweifel und ist auch sehr dringlich. Grunds\u00e4tzlich bietet sich hier aus meiner Sicht aber auch die Chance, nicht nur eine Einrichtung zu sanieren, sondern auch einen Beitrag zu leisten, den Stadtteil im Hinblick auf seine Bewohnerinnen und Bewohner, Nutzungen und Angebote f\u00fcr die Zukunft fit zu machen.<\/p>\n<p><strong>ENIMEROSI: Welche Aufgaben und welche Schwerpunkte haben die zwei griechischst\u00e4mmigen Stadtr\u00e4tinnen \u00fcbernommen und wie gut werden Sie durch die beiden unterst\u00fctzt?<\/strong><\/p>\n<p>Es kann nur bereichernd f\u00fcr die politische Gestaltung einer Stadt sein, wenn wir auch Menschen mit Migrationshintergrund in den politischen Gremien haben. Daher ist es gut, dass wir mit Nicole Alesik und Eleni Kasfiki zwei Vertreterinnen der griechischen Community dabei haben. Beide haben medizinischen Hintergrund, Nicole Alesik im Bereich der Pflege, Eleni Kasfiki als \u00c4rztin. Es ist auch in der aktuellen Pandemie gut, diese Expertise zu haben, aber auch dar\u00fcber hinaus sch\u00e4tze ich die Kolleginnen sehr.<\/p>\n<p><strong>ENIMEROSI: Kavala ist die griechische Partnerstadt N\u00fcrnbergs. Planen Sie nach Corona einen Besuch in Kavala?<\/strong><\/p>\n<p>Ich w\u00fcrde mich freuen, die Partnerst\u00e4dte N\u00fcrnbergs \u2013 soweit ich sie noch nicht kenne \u2013 zu besuchen. Auch freue ich mich auf einen Besuch in Kavala.<\/p>\n<p><strong>ENIMEROSI: Fahren Sie privat nach Griechenland und machen dort Urlaub?<\/strong><\/p>\n<p>Bei der Frage bekomme ich ja gleich Fernweh! Mir geht es wie vielen Menschen derzeit, es ist schade, dass Reisen nicht m\u00f6glich sind. Ich war bereits in Griechenland im Urlaub, zum Beispiel auf Kreta, und habe nur gute Erinnerungen daran!<\/p>\n<p><strong>ENIMEROSI: Welche Botschaft m\u00f6chten Sie den Griechen, die in N\u00fcrnberg leben, mitgeben?<\/strong><\/p>\n<p>Ich bin froh, dass wir eine starke und gro\u00dfe griechische Community in N\u00fcrnberg haben \u2013 und ich freue mich, dass Sie alle zum wirtschaftlichen, sozialen, kulturellen Leben unserer sch\u00f6nen Stadt beitragen.<\/p>\n<p><strong>ENIMEROSI: Kennen Sie die griechischen Philosophen und wenn ja, hat Ihnen dieses Wissen in Ihrem Amt geholfen?<\/strong><\/p>\n<p>Keine leichte Frage, die ich diplomatisch mit dem Ausspruch \u201eH\u00e4ttest Du geschwiegen, w\u00e4rst Du Philosoph geblieben\u201c beantworten m\u00f6chte. Spa\u00df beiseite. Die \u201ealten Griechen\u201c waren zweifelsohne kulturelle Vorreiter, von deren Erkenntnissen wir heute noch profitieren \u2013 auch die Politik bzw. wir Politiker.<\/p>\n<p><strong>ENIMEROSI: Und am Ende noch eine private Frage: Welche ist Ihr griechisches Lieblingsgericht?<\/strong><\/p>\n<p>Bei Gyros oder einer saftigen Lammhaxe kann ich fast nicht widerstehen! Meine Frau und ich gehen gerne griechisch essen, denn die Gastlichkeit ist wirklich sch\u00f6n und man f\u00fchlt sich wohl. Zur Zeit, da die Lokale ja leider geschlossen sind, versuchen wir auch immer wieder Speisen f\u00fcr zuhause mitzunehmen. Ich freue mich schon heute darauf, wenn es wieder vor Ort m\u00f6glich ist, griechisches Essen zu genie\u00dfen!<\/p>\n","protected":false},"excerpt":{"rendered":"<p>01.02.2021 \u03a3\u03c5\u03bd\u03ad\u03bd\u03c4\u03b5\u03c5\u03be\u03b7 \u03bc\u03b5 \u03c4\u03bf\u03bd \u0394\u03ae\u03bc\u03b1\u03c1\u03c7\u03bf \u039d\u03c5\u03c1\u03b5\u03bc\u03b2\u03ad\u03c1\u03b3\u03b7\u03c2 Marcus K\u00f6nig &#8211; \u03a4\u03bf \u03ba\u03b5\u03af\u03bc\u03b5\u03bd\u03bf \u03c4\u03b7\u03c2 \u03c3\u03c5\u03bd\u03ad\u03bd\u03c4\u03b5\u03c5\u03be\u03b7\u03c2 \u03b5\u03af\u03bd\u03b1\u03b9 \u03b1\u03c0\u03bf\u03ba\u03bb\u03b5\u03b9\u03c3\u03c4\u03b9\u03ba\u03ac \u03c3\u03c4\u03b7 \u03b3\u03b5\u03c1\u03bc\u03b1\u03bd\u03b9\u03ba\u03ae \u03b3\u03bb\u03ce\u03c3\u03c3\u03b1\u00a0 Foto: Tanja Bolte ENIMEROSI: Herr K\u00f6nig, Sie haben Ihr Amt w\u00e4hrend des ersten Lockdowns \u00fcbernommen. H\u00e4tten Sie sich einen einfacheren Start als Oberb\u00fcrgermeister gew\u00fcnscht? Zun\u00e4chst einmal: Kalimera und vielen Dank an die W\u00e4hlerinnen und W\u00e4hlern, selbstverst\u00e4ndlich auch [&hellip;]<\/p>\n","protected":false},"author":1,"featured_media":397,"parent":0,"menu_order":0,"comment_status":"closed","ping_status":"closed","template":"","meta":{"footnotes":""},"class_list":["post-389","page","type-page","status-publish","has-post-thumbnail","hentry"],"_links":{"self":[{"href":"https:\/\/www.enimerosi.de\/index.php?rest_route=\/wp\/v2\/pages\/389","targetHints":{"allow":["GET"]}}],"collection":[{"href":"https:\/\/www.enimerosi.de\/index.php?rest_route=\/wp\/v2\/pages"}],"about":[{"href":"https:\/\/www.enimerosi.de\/index.php?rest_route=\/wp\/v2\/types\/page"}],"author":[{"embeddable":true,"href":"https:\/\/www.enimerosi.de\/index.php?rest_route=\/wp\/v2\/users\/1"}],"replies":[{"embeddable":true,"href":"https:\/\/www.enimerosi.de\/index.php?rest_route=%2Fwp%2Fv2%2Fcomments&post=389"}],"version-history":[{"count":9,"href":"https:\/\/www.enimerosi.de\/index.php?rest_route=\/wp\/v2\/pages\/389\/revisions"}],"predecessor-version":[{"id":403,"href":"https:\/\/www.enimerosi.de\/index.php?rest_route=\/wp\/v2\/pages\/389\/revisions\/403"}],"wp:featuredmedia":[{"embeddable":true,"href":"https:\/\/www.enimerosi.de\/index.php?rest_route=\/wp\/v2\/media\/397"}],"wp:attachment":[{"href":"https:\/\/www.enimerosi.de\/index.php?rest_route=%2Fwp%2Fv2%2Fmedia&parent=389"}],"curies":[{"name":"wp","href":"https:\/\/api.w.org\/{rel}","templated":true}]}}