{"id":76,"date":"2018-11-18T09:54:03","date_gmt":"2018-11-18T08:54:03","guid":{"rendered":"http:\/\/www.enimerosi.de\/?page_id=76"},"modified":"2025-12-23T12:32:06","modified_gmt":"2025-12-23T11:32:06","slug":"%ce%b5%cf%80%ce%b9%cf%87%ce%b5%ce%b9%cf%81%ce%ae%cf%83%ce%b5%ce%b9%cf%82","status":"publish","type":"page","link":"https:\/\/www.enimerosi.de\/?page_id=76","title":{"rendered":"\u0395\u03c0\u03b9\u03c7\u03b5\u03b9\u03c1\u03ae\u03c3\u03b5\u03b9\u03c2"},"content":{"rendered":"<p><b><span style=\"color: #cc0000;\">\u0391\u03b8\u03bb\u03b7\u03c4\u03b9\u03c3\u03bc\u03cc\u03c2 \/ Sportschulen<\/span> <\/b><\/p>\n<ul>\n<li><b>Teakwondo ELITE, \u0392\u03b1\u03c3\u03af\u03bb\u03b7\u03c2 \u03a0\u03b1\u03c0\u03b1\u03ba\u03ce\u03c3\u03c4\u03b1\u03c2, <\/b>Rosenpl\u00fct Str. 19, 90439 N\u00fcrnberg, Tel. 0911 28 77 586<\/li>\n<\/ul>\n<p><span style=\"color: #cc0000;\"><b>\u0391\u03c3\u03c6\u03b1\u03bb\u03b9\u03c3\u03c4\u03b9\u03ba\u03ac \u03ba\u03b1\u03b9 \u03a3\u03cd\u03bc\u03b2\u03bf\u03c5\u03bb\u03bf\u03b9 \u03bf\u03b9\u03ba\u03bf\u03bd\u03bf\u03bc\u03af\u03b1\u03c2 \/ Versicherungen \/ Verm\u00f6gensberatung<\/b><\/span><\/p>\n<ul type=\"DISC\">\n<li><b>Kapatzias Georgios, <\/b>Am Pl\u00e4rrer 12, Sparkasse N\u00fcrnberg, 0911 230 1673<\/li>\n<li><b>K\u03cc\u03ba\u03ba\u03b9\u03bd\u03bf\u03c2 \u03a0\u03b1\u03cd\u03bb\u03bf\u03c2, <\/b>Barbiergasse 6, 90443 N\u00fcrnberg, 0911 92 86 95 69<b> <\/b><\/li>\n<li><b>Kontou<\/b> <b>Nina<\/b>, Achtelstra\u00dfe 8, 91245 Simmelsdorf, 0151 24345003<\/li>\n<li><b>Krikelis Dimitrios, <\/b>F\u00fcrther Str. 8, 90429 N\u00fcrnberg, 0911 27 411 605<\/li>\n<li><strong>\u03a3\u03c4\u03c5\u03bb\u03b9\u03b1\u03bd\u03bf\u03cd<\/strong> <strong>\u0391\u03b8\u03b1\u03bd\u03ac\u03c3\u03b9\u03bf\u03c2<\/strong>, Siegfriedstr. 36, Lauf, 91207, 01578 2214 224<\/li>\n<\/ul>\n<p><b><span style=\"color: #cc0000;\">A\u03c5\u03c4\u03bf\u03ba\u03af\u03bd\u03b7\u03c4\u03b1 \/ Auto<\/span> <\/b><\/p>\n<ul type=\"DISC\">\n<li><strong>Auto Center S\u00fcd, Liopiaris Athanasios,<\/strong> Fischbacher Hauptstra0e 216, 90475 N\u00fcrnberg, Tel. 0911 47 29 91<\/li>\n<li><b>Auto Floulis, Dimitrios Floulis, <\/b>Adolf Braun Str. 35, 90429 N\u00fcrnberg, Tel. 0911 32 15 99 44<\/li>\n<li><b>Auto Gontopoulos, <\/b>Kirchenweg 70, 90419 N\u00fcrnberg, Tel. 0911 32 15 700<\/li>\n<li><strong>Auto Stratis e.K<\/strong>., Leyher Stra\u00dfe 139, 90431 N\u00fcrnberg, Tel. 0911 2879850<\/li>\n<li><strong>Cars &amp; Trucks Kosmas<\/strong>, Maybachstra\u00dfe 45, 90441 N\u00fcrnberg, Tel. 0911 690 88 84<\/li>\n<li><b>Internationale Autotransporte SP Trans, <\/b>Industrie Str. 34, 90441 N\u00fcrnberg, Tel. 0911 360 90 96<\/li>\n<\/ul>\n<p><b><span style=\"color: #cc0000;\">\u0391\u03c5\u03c4\u03cc\u03bc\u03b1\u03c4\u03b1 \/ Automaten<\/span> <\/b><\/p>\n<ul type=\"DISC\">\n<li><b>Adamos Automaten <\/b>Rieter str. 27, 90419 N\u00fcrnberg, Tel. 0170 30 51 741<\/li>\n<li><b>Bilialis Automaten Tipico, <\/b>N\u00fcrnberg, 0176 23 92 92 88<\/li>\n<li><b>Gontopoulos Athanasios Tipico, <\/b>Kirchenweg 70 &#8211; 90419 N\u00fcrnberg, 0911 89 642 193<\/li>\n<li><b>Nikos Automaten, <\/b>Geldspiel- und Unterhaltungsautomaten, F\u00fcrther Str. 57, 90429 N\u00fcrnberg, 0911 77 27 77<\/li>\n<\/ul>\n<p><b><span style=\"color: #cc0000;\">\u0392\u03b9\u03b2\u03bb\u03b9\u03bf\u03c0\u03c9\u03bb\u03b5\u03af\u03bf \/ Buchhandlung<\/span> <\/b><\/p>\n<ul type=\"DISC\">\n<li><b>Takis Ilias, <\/b>Bleichstr. 24, 90429 N\u00fcrnberg, Tel. 0911 26 16 54<\/li>\n<\/ul>\n<p><b><span style=\"color: #cc0000;\">\u0392\u03b1\u03c0\u03c4\u03b9\u03c3\u03c4\u03b9\u03ba\u03ac \u039d\u03c5\u03c6\u03b9\u03ba\u03ac \/ Brautmode<\/span> <\/b><\/p>\n<ul type=\"DISC\">\n<li><strong>Baby Love, Giakoumakis Georgios<\/strong>, F\u00fcrther Stra\u00dfe 9a, 90429 N\u00fcrnberg, Tel. 0911 25354231<\/li>\n<li><b>Brautmoden, Papadopoulou Maria, <\/b>Maximillianstrasse 38, 90429 N\u00fcrnberg, Tel. 0911 269388<\/li>\n<li><b>Neraidoskoni, Chrysanthi Pigka<\/b>, Maxstr.20 , 90762 F\u00fcrth, Tel. 0173 5908124<\/li>\n<\/ul>\n<p><b><span style=\"color: #cc0000;\">\u0393\u03c1\u03b1\u03c6\u03b5\u03af\u03bf \u03c4\u03b5\u03bb\u03b5\u03c4\u03ce\u03bd \/ Bestattungen<\/span> <\/b><\/p>\n<ul type=\"DISC\">\n<li><b>Ioannis Moschos, <\/b>N\u00fcrnberg, Tel 0911 66 89 400<\/li>\n<\/ul>\n<p><b><span style=\"color: #cc0000;\">\u0394\u03b9\u03b1\u03c6\u03b7\u03bc\u03b9\u03c3\u03c4\u03b9\u03ba\u03ae \u03b5\u03c4\u03b1\u03b9\u03c1\u03b5\u03af\u03b1 \/ Werbeagentur \/ Social Media \/ Web<\/span>\u00a0<\/b><\/p>\n<ul type=\"DISC\">\n<li><b>EOS Marketing &#8211; Politis GmbH, Politopoulos Nikolaos, <\/b>Obere Kanalstr. 7, 90429 N\u00fcrnberg, Tel.: 0911 9532 4001<\/li>\n<li><b>Golden Creations GbR, Sakis Bilalis &amp; Valentini Semertzidou, <\/b>Schweppermannstrasse 5, 90408 N\u00fcrnberg, Tel.: 0911 25449999 -8<\/li>\n<li><b>SAMPE Concept, <\/b>Sandberg Str. 11, 90419 N\u00fcrnberg, 0911 377 55 15<\/li>\n<li><b>DEV-Design, Alexandros Ouzounis<\/b>, Neumarkter Stra\u00dfe 3, 90478 N\u00fcrnberg, Tel.: 0911 25308397<\/li>\n<\/ul>\n<p><b><span style=\"color: #cc0000;\">\u0394\u03b9\u03ba\u03b7\u03b3\u03cc\u03c1\u03bf\u03b9 \/ Rechtsanw\u00e4lte<\/span> <\/b><\/p>\n<ul type=\"DISC\">\n<li><b>Kefalas &amp; Linster, <\/b>F\u00fcrther Strasse 27, 90428 N\u00fcrnberg, Tel 0911 37 65 09 65<\/li>\n<li><strong>Panajota Pandasopoulou<\/strong>, Adlerstr. 14, 90403 N\u00fcrnberg, Tel. 0911 999 34 56<\/li>\n<li><b>Spyridon Spiridis, <\/b>Josephsplatz 11, 90403 N\u00fcrnberg, Tel 0911 25 36 81 01<\/li>\n<\/ul>\n<p><span style=\"color: #ff0000;\"><b>\u0388\u03bd\u03c9\u03c3\u03b7 \u03a6\u03cc\u03c1\u03bf\u03c5 \u0395\u03b9\u03c3\u03bf\u03b4\u03ae\u03bc\u03b1\u03c4\u03bf\u03c2 \/ Lohnsteuerhilfeverein<\/b><\/span><\/p>\n<ul type=\"DISC\">\n<li><b>Stergianoudis Themelis, Vordere Sterngasse 16 <\/b>, 90402 N\u00fcrnberg, Tel 0911 22 32 19<\/li>\n<\/ul>\n<p align=\"LEFT\"><b><span style=\"color: #cc0000;\">E\u03c3\u03c4\u03b9\u03b1\u03c4\u03cc\u03c1\u03b9\u03b1 \/ Restaurants<\/span> <\/b><\/p>\n<ul>\n<li><b>Gasthof Postkutsche, Georgomanos Eleftherios, <\/b>Fischbacher Hauptstrasse 109, 90475 N\u00fcrnberg, Tel. 0911 83 20 84<\/li>\n<li><b>Gastst\u00e4tte Athos, <\/b>Johannisstr. 118, 90419 N\u00fcrnberg, Tel. 0911 33 16 83<\/li>\n<li><b>Gastst\u00e4tte Bei Lampi, <\/b>Langenaustrasse 17, 91058 Erlangen Eltersdorf, Tel. 09131 60 13 28<\/li>\n<li><b>Gastst\u00e4tte Taverna EL Greco, Ouzunis Antonios, <\/b>N\u00fctzelstr. 14, 90429 N\u00fcrnberg, Tel. 0911 21 650 572<\/li>\n<li><b>Gastst\u00e4tte Graf Moltke, Anastasiou Dimitrios, <\/b>Hochstrasse 22, 90429 N\u00fcrnberg, Tel. 0911 26 55 55<\/li>\n<li><b>Gastst\u00e4tte Merkur, <\/b>Harsd\u00f6rferstr. 64, 90478 N\u00fcrnberg, Tel. 0911 492567<\/li>\n<li><b>Gastst\u00e4tte<\/b> <b>Siedlerheim<\/b>, Leitenfeldstrasse 34, 90427 N\u00fcrnberg, Tel. 0911 37 71 69 33<\/li>\n<li><b>Gyroland, <\/b>F\u00fcrther Str. 96a, 90429 N\u00fcrnberg, Tel. 0911 32 15 58 75<\/li>\n<li><b>Restaurant Alexander der Grosse, Chalos Ioannis, <\/b>Stadelner Hauptstr. 62, 90765 F\u00fcrth, Tel. 0911 762120<\/li>\n<li><b>Restaurant Aris bei TuT, <\/b>Oelser Str. 17, 90475 N\u00fcrnberg, Tel 0911 98 80 475<\/li>\n<li><b>Restaurant Athos, <\/b>Johanisstr. 188, 90419 N\u00fcrnberg, 0911 33 16 83<\/li>\n<li><b>Restaurant Bei Afroditi, Nikos Sikhlidis, <\/b>Bayreuther Strasse 15, 90409 N\u00fcrnberg, 0911 210 86 958<\/li>\n<li><b>Restaurant Bei Costas, Leontis Kostas, <\/b>Hardstr. 47, 90766 F\u00fcrth, 0911 923 85 00<\/li>\n<li><b>Restaurant Bei Michael, Gika Georgia, <\/b>Kellermann Str. 24, 90455 N\u00fcrnberg, 09129 8825<\/li>\n<li><b>Restaurant Bei Sakis, Fam. Babanatsas, <\/b>Weidentalstr. 10, 90518 Altdorf, 09187 6140<\/li>\n<li><b>Restaurant Charisma, <\/b>Leipziger Platz 21, 90491 N\u00fcrnberg, 0911 569 28 003<\/li>\n<li><b>Restaurant Danai, \u039b\u03b5\u03c9\u03bd\u03af\u03b4\u03b1\u03c2 \u039a\u03b1\u03c1\u03c5\u03c0\u03af\u03b4\u03b7\u03c2, <\/b>Schwabacherstr. 256, 90763 F\u00fcrth Tel. 0911 71 22 16<\/li>\n<li><b>Restaurant Delphi, Giannikis Sotirios, <\/b>Innere Laufer Gasse 22, 90403 N\u00fcrnberg, 0911 221763<\/li>\n<li><b>Restaurant DIMITRA 1, <\/b>Anne Frank Str. 50, 90459 N\u00fcrnberg, 0911 44 20 12<\/li>\n<li><strong>Restaurant<\/strong> <b>Epidavros<\/b>, Waldstromerstr. 66, 90453 N\u00fcrnberg, Tel. 0911 638 30 93<\/li>\n<li><b>Restaurant<\/b> <b>Gartenstadt<\/b>, Buchenschlag 1, 90469 N\u00fcrnberg, Tel. 0911 48 01 459<\/li>\n<li><b>Restaurant<\/b> <b>Hallerschloss<\/b>, Herbartstr. 71, 90461 N\u00fcrnberg, Tel. 0911 49 26 71<\/li>\n<li><b>Restaurant Helena, Lakos Nikolaos, <\/b>Heimerichstrasse 24, 90419 N\u00fcrnberg, 0911 37 23 19<\/li>\n<li><b>Restaurant Kleopatra, Tsalidou Kleopatra, <\/b>Soemmerringstr. 3, 90451 N\u00fcrnberg, Tel. 0911 64 14 540<b> <\/b><\/li>\n<li><strong>Restaurant<\/strong> <strong>Ladofanaro<\/strong>, Paumgartner Str. 22, 90429 N\u00fcrnberg, Tel. 0911 92 87 81 08<\/li>\n<li><b>Restaurant Maximiliansburg, Flulis A., <\/b>Maximilianstrasse 28, 90429 N\u00fcrnberg, Tel. 0911 31 29 76<\/li>\n<li><strong>Restaurant Melissa<\/strong>, Heynestra\u00dfe 30 90443, N\u00fcrnberg, Tel. 0911 47862300<\/li>\n<li><b>Restaurant Mykonos, <\/b>Adlerstr. 14, 90402 N\u00fcrnberg, Tel. 0911 22 11 27<\/li>\n<li><b>Restaurant Mythos, Daskalakis Ioannis, <\/b>Heroldsberger Weg 10, 90411 N\u00fcrnberg, Tel. 0911 52 98 299<\/li>\n<li><b>Restaurant Nikolas, <\/b>Reichelsdorfer Hauptsstrasse 172, 90453 N\u00fcrnberg, Tel. 0911 63 02 32<\/li>\n<li><b>Restaurant Olympia Garten, Fa. Vardakas, <\/b>Katzwanger Hauptstrasse 49, 90451 N\u00fcrnberg, Tel. 0911 63 67 29<\/li>\n<li><b>Restaurant Platnersanlage, Nasios Theodoros, <\/b>Bucherstr. 67 &#8211; 69, 90419 N\u00fcrnberg, Tel. 0911 39 38 130<\/li>\n<li><b>Restaurant Poseidon, <\/b>Hauptstrasse 18, 90547 Stein, Tel. 0911 67 73 19<\/li>\n<li><b>Restaurant Saloniki, Fam. Tsatinian, <\/b>Mozartstra\u00dfe 72, 90530 Wendelstein, Tel. 09129 7692<\/li>\n<li><b>Restaurant SIRTAKI, \u0396\u03b1\u03c7\u03b1\u03c1\u03bf\u03cd\u03bb\u03b1 \u039c\u03c0\u03b1\u03be\u03b5\u03b2\u03ac\u03bd\u03b7, <\/b>Thomas-Mann-Str. 59, 90471 N\u00fcrnberg, Tel. 0911 81 30 24<\/li>\n<li><b>Restaurant Syrtaki, <\/b>Hauptstrasse 53, 91054 Niederndorf, 09132 4438<\/li>\n<li><b>Restaurant Skopelos, <\/b>Gebersdorfer Str. 278, 90449 N\u00fcrnberg, Tel. 0911 2 52 69 43<\/li>\n<li><b>Restaurant Stephanie, \u0392\u03b1\u03c3\u03b9\u03bb\u03b5\u03b9\u03ac\u03b4\u03bf\u03c5, <\/b>Sulzbacher Str. 75, 90489 N\u00fcrnberg, Tel. 0911 586 7214<b> <\/b><\/li>\n<li><b>Restaurant Zabo Park, <\/b>Bingstr. 1, 90480 N\u00fcrnberg, Tel. 0911 94 93 040<b> <\/b><\/li>\n<li><b>Restaurant Zeus, <\/b>Woelcknerstr. 46, 90459 N\u00fcrnberg, Tel. 0911 431 55 12<\/li>\n<li><b>Restaurant Zum Seeacker, \u039a\u03bf\u03bd\u03c4\u03bf\u03b4\u03ae\u03bc\u03bf\u03c5 \u039f\u03bb\u03c5\u03bc\u03c0\u03af\u03b1, <\/b>Kronacher Strasse 140, 90765 F\u00fcrth, Tel. 0911 790 69 90<\/li>\n<li><b>Restaurant Zum Stamos<\/b>, Dientzenhoferstr. 26, 90480 N\u00fcrnberg, Tel. 0911 54 60 554<\/li>\n<li><b>Restaurant Zum Posthorn, <\/b>Pestalozzistr. 1, 90429 N\u00fcrnberg, Tel. 0911 312419<\/li>\n<li><b>Taverne Dionysos, \u03a4\u03c3\u03b5\u03ba\u03bf\u03cd\u03c1\u03b1\u03c2 \u03a3\u03c0\u03cd\u03c1\u03bf\u03c2, <\/b>Moosbacher Hauptstr. 54, 90537 Feucht-Moosbach, Tel. 09128 16369<\/li>\n<li><b>Taverne Derlikates, <\/b>Obere Kanal Str. 3, 90429 N\u00fcrnberg, 0911 27 41 491<\/li>\n<li><b>Taverne Kamara, <\/b>Angerstrasse 3, 90433 N\u00fcrnberg, Tel. 0911 38 44 39 73<\/li>\n<li><b>Taverne Kyklos, <\/b>Baerenschanzstr. 65, 90429 N\u00fcrnberg, 0911 26 85 76<\/li>\n<li><b>Taverne Meteora, \u039c\u03c0\u03b9\u03bb\u03b9\u03ac\u03bb\u03b7\u03c2 \u03a0\u03b1\u03bd\u03c4\u03b5\u03bb\u03ae\u03c2, <\/b>Friedrichstrasse 53, 90408 N\u00fcrnberg, 0911 35 8419<\/li>\n<\/ul>\n<p><b><span style=\"color: #cc0000;\">\u039a\u03b1\u03b8\u03b1\u03c1\u03b9\u03c3\u03c4\u03ae\u03c1\u03b9\u03bf \/ Reinigung<\/span> <\/b><\/p>\n<ul type=\"DISC\">\n<li><b>Tsiabalis Dionissios, <\/b>Obere Kanal Strasse 1, 90429 N\u00fcrnberg, Tel. 0911 26 45 947<\/li>\n<li><b>Tsiabalis Dionissios, <\/b>Wilhelm Spaeth Str. 6, 90461 N\u00fcrnberg, Tel. 0911 48 64 510<\/li>\n<\/ul>\n<p><b><span style=\"color: #cc0000;\">\u039a\u03b1\u03c6\u03ad \u039c\u03c0\u03b1\u03c1 \/ Cafe Bar<\/span> <\/b><\/p>\n<ul type=\"DISC\">\n<li><strong>Aprico Cafe Bar<\/strong>, F\u00fcrther Str. 57, 90429 N\u00fcrnberg<\/li>\n<li><b>Arena Sportscafe, \u03a0\u03b1\u03bd\u03ac\u03b3\u03bf\u03c2 \u0394\u03b7\u03bc\u03ae\u03c4\u03c1\u03b9\u03bf\u03c2, <\/b>F\u00fcrther Str. 92, 90429 N\u00fcrnberg<\/li>\n<li><strong>Bugatsa<\/strong>, Obere Kanalstrasse 8, 90429 N\u00fcrnberg, Tel. 0911 92895626<\/li>\n<li><b>Cafeneion, <\/b>F\u00fcrther Str. 70, 90429 N\u00fcrnberg<\/li>\n<li><b>Cesars, \u039a\u03b5\u03bb\u03b5\u03bc\u03ad\u03bd\u03b7\u03c2 \u0391\u03b8\u03b1\u03bd\u03ac\u03c3\u03b9\u03bf\u03c2, <\/b>F\u00fcrther Str. 44, 90429 N\u00fcrnberg, 0172 81 33 4 33<\/li>\n<li><strong>Coffee Queen, Georgios Agrafiotis<\/strong>, \u00c4ussere Sulzbacher Strasse 38, 90491 N\u00fcrnberg, 0911 58 744 525<\/li>\n<li><b>Cozi, <\/b>B\u00e4renschanzstr. 67, 90429 N\u00fcrnberg, 0911 27 23 87 40<\/li>\n<li><strong>Dames Bistro Cocktailbar<\/strong>, F\u00fcrtherstr. 72, 90429 N\u00fcrnberg, Tel. 0911 92878414<\/li>\n<li><b>Dominique, \u03a0\u03b1\u03c0\u03b1\u03b2\u03b1\u03c3\u03b9\u03bb\u03b5\u03af\u03bf\u03c5 \u039a\u03c9\u03bd\u03c3\u03c4\u03b1\u03bd\u03c4\u03af\u03bd\u03bf\u03c2,\u00a0 <\/b>F\u00fcrther Str. 139, 90429 N\u00fcrnberg, 09119 99 85 59<\/li>\n<li><b>Eiscafe Europa, <\/b>F\u00fcrther Str. 53 , 90429 N\u00fcrnberg, 0911 27 46 850<\/li>\n<li><b>Sante, <\/b>F\u00fcrther Str. 57, 90429 N\u00fcrnberg, 0172 15 880 53<\/li>\n<li><strong>George<\/strong>, Obere Kanalstra\u00dfe 3, 90429 N\u00fcrnberg<\/li>\n<li><b>Greek Avenue, <\/b>Obere Kanal Str. 31, 90429 N\u00fcrnberg, 0911 27 40 523<\/li>\n<li><b>Gregorys<\/b> <b>Coffee<\/b>, Lempidis Georgios und Kasotakis Mixalis, F\u00fcrther Str. 100, 90429 N\u00fcrnberg, 0911 3223533<\/li>\n<li><b>Gregorys<\/b> <b>Coffee<\/b>, Josephsplatz 11-13, 90403 N\u00fcrnberg<\/li>\n<li><b>Gr\u00fcn, Dimitrios Gougoulakis, <\/b>F\u00fcrther Str. 51, 90429 N\u00fcrnberg, 0173 2639 008<\/li>\n<li><b>MARKIZ<\/b>, Am Pl\u00e4rrer 11, 0172 1834405<\/li>\n<li><b>People Coffee &amp; more, <\/b>F\u00fcrther Str. 96a, 90429 N\u00fcrnberg, 0911 3215 95 65<\/li>\n<li><b>Replay, \u03a4\u03c3\u03b9\u03c4\u03bf\u03c5\u03c1\u03af\u03b4\u03bf\u03c5 \u0391\u03b8\u03b7\u03bd\u03ac,<\/b> F\u00fcrther Str. 234, 90429 N\u00fcrnberg, 0176 219 100 46<\/li>\n<li><b>ROOM2, Georgios Maragkakis, <\/b>F\u00fcrther Str. 20, 90429 N\u00fcrnberg, 0911 928 677 29<\/li>\n<li><b>Steki,<\/b> B\u00e4umenstr. 13, 90762 F\u00fcrth<\/li>\n<li><strong>Voodoo<\/strong>, Am Pl\u00e4rrer 4, 90429 N\u00fcrnberg, Tel. 0911\u00a092886810<\/li>\n<li><strong>Zamanfu<\/strong>, F\u00fcrtherstr. 68, 90429 N\u00fcrnberg, Tel. 0911 2 777 555<\/li>\n<\/ul>\n<p><b><span style=\"color: #cc0000;\">\u039a\u03bb\u03b5\u03b9\u03b4\u03b9\u03ac \u03b1\u03c5\u03c4\u03bf\u03ba\u03b9\u03bd\u03ae\u03c4\u03c9\u03bd \u0395\u03c0\u03b9\u03c3\u03ba\u03b5\u03c5\u03ad\u03c2 \/ Autoschluesseldienst und Reparatur<\/span> <\/b><\/p>\n<ul type=\"DISC\">\n<li><b>Pavlos Pantsourakis, <\/b>Sperling Strasse 10, 90459, Tel\u00a0 01520 8682973<\/li>\n<\/ul>\n<p><b><span style=\"color: #cc0000;\">\u039a\u03bf\u03bc\u03bc\u03c9\u03c4\u03ae\u03c1\u03b9\u03b1 \/ Friseurladen<\/span> <\/b><\/p>\n<ul type=\"DISC\">\n<li><b>Lackys Hair<\/b>, Schwabacher Str. 94, 90439 N\u00fcrnberg, Tel. 0911 413629<\/li>\n<li><strong>Mariannas Haar Studio<\/strong>, Rohledererstra\u00dfe 21, 90419 N\u00fcrnberg, Tel. 0911 37 41 41<\/li>\n<li><b>Sarris Friseur, <\/b>Bayreuter Str. 30, 90489 N\u00fcrnberg<\/li>\n<li><b>Sarris Friseur, <\/b>Nordring 169, 9040, N\u00fcrnberg , 0911 511186<\/li>\n<\/ul>\n<p><b><span style=\"color: #cc0000;\">\u039c\u03b5\u03c4\u03b1\u03c6\u03bf\u03c1\u03ad\u03c2 \/ Spedition<\/span><\/b><\/p>\n<ul type=\"DISC\">\n<li><b>\u039b\u03b1\u03b3\u03bf\u03c5\u03b4\u03ac\u03ba\u03b7\u03c2, GiessenerStr. 1<\/b>, 90427 N\u00fcrnberg, \u03a4\u03b7\u03bb. 0911\/ 96476 0<\/li>\n<\/ul>\n<p><b><span style=\"color: #cc0000;\">\u039c\u03b5\u03c4\u03b1\u03c6\u03c1\u03ac\u03c3\u03b5\u03b9\u03c2 \u03ba\u03b1\u03b9 \u0394\u03b9\u03b5\u03c1\u03bc\u03b7\u03bd\u03ad\u03b1\u03c2 \/ Uebersetzungen<\/span> <\/b><\/p>\n<ul type=\"DISC\">\n<li><b>\u0391\u03b3\u03b1\u03b8\u03b1\u03b3\u03b3\u03b5\u03bb\u03af\u03b4\u03b7\u03c2 \u0398\u03b5\u03cc\u03b4\u03c9\u03c1\u03bf\u03c2, <\/b>Heinrichstrasse 17, 90439 N\u00fcrnberg, \u03a4\u03b7\u03bb.\/ \u03a6\u03b1\u03be 0911\/ 616519<\/li>\n<li><b>\u0394\u03c1. \u03a7\u03b1\u03c1\u03ac\u03bb\u03b1\u03bc\u03c0\u03bf\u03c2-\u039c\u03ac\u03c1\u03ba\u03bf\u03c2 \u0394\u03af\u03bd\u03c4\u03c3\u03b9\u03bf\u03c2,<\/b> Obere Kanal Str. 5, 90429 N\u00fcrnberg, Tel. 0911 26 52 49<\/li>\n<li><b>\u0394\u03c1\u03af\u03b2\u03b1\u03c2 \u03a3\u03c4\u03ad\u03c6\u03b1\u03bdo\u03c2, <\/b>Mozartstr. 17, 91301 Forchheim, Tel. 09191 8390710<\/li>\n<li><b>\u03a0\u03c1\u03bf\u03ba\u03cc\u03c0\u03b7 \u0392\u03af\u03ba\u03c5<\/b>, Friesenstr. 32, 90441 N\u00fcrnberg, Tel. 0911 \/ 66 73 90<\/li>\n<li><b>\u0394\u03c1. \u03a1\u03b1\u03b4\u03af\u03c3\u03bf\u03b3\u03bb\u03bf\u03c5 \u0398\u03b5\u03cc\u03b4\u03c9\u03c1\u03bf\u03c2, <\/b>Hinterm Bahnhof 26, 90459 N\u00fcrnberg, Tel. 0911 44 33 87<\/li>\n<li><b>\u0394\u03c1. \u03a1\u03b1\u03b4\u03af\u03c3\u03bf\u03b3\u03bb\u03bf\u03c5 \u0398\u03b5\u03cc\u03b4\u03c9\u03c1\u03bf\u03c2,<\/b> Stiftungsstrasse 6a, 91056 Erlangen, Tel. 09131 4 77 21<\/li>\n<li><b>\u03a4\u03b6\u03bf\u03c5\u03bc\u03ad\u03c1\u03ba\u03b1-\u0397\u03bb\u03b9\u03ac\u03b4\u03b7 \u03a0\u03cc\u03c0\u03b7, <\/b>Obere Kanal Str. 5, 90429 N\u00fcrnberg, Tel. 0911 26 52 49<\/li>\n<\/ul>\n<p><b><span style=\"color: #cc0000;\">\u039c\u03cc\u03b4\u03b1 \/ Mode<\/span> <\/b><\/p>\n<ul type=\"DISC\">\n<li><b>MODA Damenfashion, \u03a7\u03b1\u03c4\u03b6\u03b7\u03c3\u03c4\u03b5\u03c6\u03ac\u03bd\u03bf\u03c5 \u039b\u03af\u03c4\u03c3\u03b1, <\/b>F\u00fcrther Str. 35, 90429 N\u00fcrnberg, Tel. 0911 277 42 36<\/li>\n<\/ul>\n<p><b><span style=\"color: #cc0000;\">\u039b\u03bf\u03b3\u03b9\u03c3\u03c4\u03b9\u03ba\u03ac \u03b3\u03c1\u03b1\u03c6\u03b5\u03af\u03b1 \/ Buchhaltung<\/span> <\/b><\/p>\n<ul type=\"DISC\">\n<li><b>\u03a4\u03b6\u03bf\u03c5\u03bc\u03ad\u03c1\u03ba\u03b1-\u0397\u03bb\u03b9\u03ac\u03b4\u03b7 \u03a0\u03cc\u03c0\u03b7, <\/b>Obere Kanal Str. 5, 90429 N\u00fcrnberg, Tel. 0911 26 52 49<\/li>\n<li><b>\u03a4\u03c3\u03b1\u03bf\u03cd\u03c1\u03b4\u03b1 \u039a\u03c9\u03bd\u03c3\u03c4\u03b1\u03bd\u03c4\u03af\u03bd\u03b1, <\/b>Nunnenbeckstr. 2, 90489 N\u00fcrnberg, Tel 0911 5 27 18 82<\/li>\n<li><strong>Business Strategy Lab<\/strong>, F\u00fcrther Str. 88, 90429 N\u00fcrnberg, Tel. 99 95 98 60<\/li>\n<\/ul>\n<p><b><span style=\"color: #cc0000;\">\u039f\u03c1\u03ba\u03c9\u03c4\u03bf\u03af \u03bb\u03bf\u03b3\u03b9\u03c3\u03c4\u03ad\u03c2 \/ Steuerberater<\/span> <\/b><\/p>\n<ul type=\"DISC\">\n<li><b>\u039c\u03b5\u03bb\u03af\u03bd\u03b1 \u039b\u03b5\u03bc\u03bf\u03bd\u03ae, <\/b>Wieseneckstrasse 26, 90571 N\u00fcrnberg Schwaig, Tel. 0911 81001 630<\/li>\n<\/ul>\n<p><b><span style=\"color: #cc0000;\">\u03a0\u03b1\u03bd\u03c4\u03bf\u03c0\u03c9\u03bb\u03b5\u03af\u03b1 \/ Lebensmittel \/ Import Export<\/span> <\/b><\/p>\n<ul type=\"DISC\">\n<li><b>Bolossis, <\/b>Fuerther Strasse 306, 90429 N\u00fcrnberg, 0911 3 22 42 00<\/li>\n<li><b>Exarchos Lebensmittel, <\/b>Johanisstrasse 122, 90419 N\u00fcrnberg, 0911 300 81 57<\/li>\n<li><b>FANARI Griechische Feinkost, Ioannis Politidis<\/b>, Kirchenweg 8, 90419 N\u00fcrnberg, Tel. 0911 300 9007<\/li>\n<li><b>Griechische Produkte Am Rosenau<\/b>, Bleichstr. 24, 90429 N\u00fcrnberg, Tel. 0911 260338<\/li>\n<li><b>JAMAS GmbH<\/b>, <b>Romantzas Konstantinos, <\/b>Karolinenstrasse 138, 90763 F\u00fcrth, Tel. 0171 1010705<\/li>\n<li><b>Kalamaras<\/b>, <b>Nikolaos Kalamaras, <\/b>Leyher Strasse 107, 90431 N\u00fcrnberg, Tel. 0911 32 62 135<\/li>\n<li><b>Kolossos, <\/b>S. Margaritis und C. Lampadaris, Grossmarkt N\u00fcrnberg, Tel. 0179 6946715<\/li>\n<li><b>Preventis GmbH,<\/b> Maybachstrasse 48, 90441 N\u00fcrnberg, Tel. 0911 421 646<\/li>\n<li><b>VLACHOS Griechische Lebensmittel und Getraenkemarkt, <\/b>Kernstrasse 11, 90429 N\u00fcrnberg, Tel. 0911 704 57 91<\/li>\n<\/ul>\n<p><b><span style=\"color: #cc0000;\">\u03a0\u03bb\u03b1\u03ba\u03ac\u03ba\u03b9\u03b1 \/ Fliesenleger<\/span> <\/b><\/p>\n<ul type=\"DISC\">\n<li><b>Fliesen Dimi, Dimitrakopoulos Dimitrios<\/b>, Oschoellenbacher Hauptstr. 13, 90542 Eckental, Tel. 09126 28 99 844<\/li>\n<\/ul>\n<p><b style=\"font-size: 16px;\"><span style=\"color: #cc0000;\">\u03a3\u03cd\u03bc\u03b2\u03bf\u03c5\u03bb\u03bf\u03c2 \u03c4\u03b7\u03bb\u03b5\u03c6\u03c9\u03bd\u03b9\u03ba\u03ce\u03bd \u03b5\u03c0\u03b9\u03ba\u03bf\u03b9\u03bd\u03c9\u03bd\u03b9\u03ce\u03bd \/ Medienberater<\/span><\/b><\/p>\n<ul type=\"DISC\">\n<li><b>\u0395\u03ba\u03c0\u03c1\u03cc\u03c3\u03c9\u03c0\u03bf\u03c2 Vodafone, Koukakis Georgios<\/b>, Tel. 0157 31223568<\/li>\n<\/ul>\n<p><b><span style=\"color: #cc0000;\">\u03a3\u03c5\u03bd\u03b5\u03c1\u03b3\u03b5\u03af\u03bf \u03b1\u03c5\u03c4\u03bf\u03ba\u03b9\u03bd\u03ae\u03c4\u03c9\u03bd \/ Autowerkstatt<\/span> <\/b><\/p>\n<ul type=\"DISC\">\n<li><b>Autowerkstatt PS, Petridis Stavros, <\/b>Ernst Sachs Strasse 24, 90441 N\u00fcrnberg, Tel. 0911 62 00 800<\/li>\n<li><b>Unfallinstandsetzung Romantzas <\/b>KFZ Meisterbetrieb, Carl-Schwemmer Str. 35, 90427 N\u00fcrnberg, 0911 3664707<\/li>\n<\/ul>\n<p><b><span style=\"color: #cc0000;\">\u03a3\u03c7\u03bf\u03bb\u03ad\u03c2 \u03bf\u03b4\u03b7\u03b3\u03ce\u03bd \/ Fahrschule<\/span> <\/b><\/p>\n<ul type=\"DISC\">\n<li><b>Apos Fahrschule, <\/b>Dianaplatz 13, 90443 N\u00fcrnberg, Tel. 0151 64002273<\/li>\n<li><b>Billys Fahrschule, \u039c\u03ac\u03bd\u03c4\u03c3\u03bf\u03c2 \u0392\u03b1\u03c3\u03af\u03bb\u03b7\u03c2<\/b>, Obere Kanal Str. 8a, 90429 N\u00fcrnberg, Tel. 0911 92 89 895<\/li>\n<li><b>FUN Fahrschule, \u039d\u03c4\u03ad\u03bb\u03b9\u03bf\u03c2 \u039c\u03b9\u03c7\u03ac\u03bb\u03b7\u03c2, <\/b>Landgrabenstr. 118, 90459 N\u00fcrnberg, Tel. 0911 43 11 750<\/li>\n<li><b>Mannis Fahrschule, <\/b>Nuernberger Bucher Str. 95, 90419 N\u00fcrnberg, 0911 33 04 41<\/li>\n<\/ul>\n<p><b><span style=\"color: #cc0000;\">\u03a4\u03b1\u03be\u03b9\u03b4\u03b5\u03b9\u03c9\u03c4\u03b9\u03ba\u03ac \u03b3\u03c1\u03b1\u03c6\u03b5\u03af\u03b1 \/ Reisebueros<\/span> <\/b><\/p>\n<ul type=\"DISC\">\n<li><b>DIADROMES, Kohlenhof 1, 90443 N\u00fcrnberg, Tel. 0911 24 29 301<\/b><\/li>\n<li><b>IPIROS Reisen, \u03a7\u03c1\u03b9\u03c3\u03c4\u03af\u03bd\u03b1 \u03a4\u03b6\u03b9\u03cc\u03b3\u03ba\u03b1, <\/b>Kernsr. 42, 90429 N\u00fcrnberg, Tel. 0911 28 77 844<\/li>\n<li><b>Alexis Reiseservice, \u03a7\u03b1\u03bd\u03c4\u03b6\u03b7\u03b1\u03bd\u03b4\u03c1\u03ad\u03bf\u03c5 \u0391\u03bb\u03ad\u03be\u03b7\u03c2, <\/b>F\u00fcrther str. 175, 90429 N\u00fcrnberg, Tel. 0911 313 912<\/li>\n<\/ul>\n<p><b><span style=\"color: #cc0000;\">\u03a6\u03b1\u03c1\u03bc\u03b1\u03ba\u03b5\u03af\u03b1 \/ Apotheke <\/span><\/b><\/p>\n<ul type=\"DISC\">\n<li><b>Griechische Apotheke, <\/b>\u039c\u03b7\u03c4\u03b9\u03bf\u03cd\u03b4\u03b7\u03c2 \u0398\u03ac\u03bd\u03bf\u03c2, Holzgartenstra\u00dfe 1, 90461 N\u00fcrnberg, Tel. 0911 464681<\/li>\n<li><b>Storchenapotheke, <\/b>Viki Efthimiou, Gugelstra\u03afe 119, 90459 N\u00fcrnberg Tel. 0911 441624<\/li>\n<\/ul>\n<p><b><span style=\"color: #cc0000;\">\u03a6\u03c1\u03bf\u03bd\u03c4\u03b9\u03c3\u03c4\u03ae\u03c1\u03b9\u03b1 \/ Privatschulen<\/span> <\/b><\/p>\n<ul type=\"DISC\">\n<li><b>\u039e\u03ad\u03bd\u03b5\u03c2 \u03b3\u03bb\u03ce\u03c3\u03c3\u03b5\u03c2, \u0392\u03cc\u03b9\u03c4\u03c3\u03b9\u03ba \u0391\u03b3\u03b3\u03b5\u03bb\u03b9\u03ba\u03ae, <\/b>Fuerther Str. 9, 90429 N\u00fcrnberg, Tel. 0911 928 98 31<\/li>\n<li><b>\u0396\u03bf\u03c1\u03bc\u03c0\u03ac \u0388\u03c6\u03b7,<\/b> \u03a6\u03b9\u03bb\u03bf\u03bb\u03bf\u03b3\u03b9\u03ba\u03ac \u03bc\u03b1\u03b8\u03ae\u03bc\u03b1\u03c4\u03b1, N\u00fcrnberg, 0911 6887712<\/li>\n<\/ul>\n<p><b><span style=\"color: #cc0000;\">\u03a6\u03c5\u03c3\u03b9\u03bf\u03b8\u03b5\u03c1\u03b1\u03c0\u03b5\u03af\u03b1 \/ Krankengymnatik und Massage<\/span> <\/b><\/p>\n<ul type=\"DISC\">\n<li><b>\u03a6\u03c5\u03c3\u03b9\u03bf\u03b8\u03b5\u03c1\u03b1\u03c0\u03b5\u03af\u03b1 \u039b\u039f\u03a5\u039a\u0391\u03a3, W. L. Hermannsd\u00f6rfer, \u039a\u03b1\u03c1\u03b1\u03c6\u03ad\u03c1\u03b7\u03c2 \u0391\u03c0\u03cc\u03c3\u03c4\u03bf\u03bb\u03bf\u03c2, <\/b>Brunnengasse 19, 90402 N\u00fcrnberg, Tel. 0911 2 44 92 78<\/li>\n<\/ul>\n","protected":false},"excerpt":{"rendered":"<p>\u0391\u03b8\u03bb\u03b7\u03c4\u03b9\u03c3\u03bc\u03cc\u03c2 \/ Sportschulen Teakwondo ELITE, \u0392\u03b1\u03c3\u03af\u03bb\u03b7\u03c2 \u03a0\u03b1\u03c0\u03b1\u03ba\u03ce\u03c3\u03c4\u03b1\u03c2, Rosenpl\u00fct Str. 19, 90439 N\u00fcrnberg, Tel. 0911 28 77 586 \u0391\u03c3\u03c6\u03b1\u03bb\u03b9\u03c3\u03c4\u03b9\u03ba\u03ac \u03ba\u03b1\u03b9 \u03a3\u03cd\u03bc\u03b2\u03bf\u03c5\u03bb\u03bf\u03b9 \u03bf\u03b9\u03ba\u03bf\u03bd\u03bf\u03bc\u03af\u03b1\u03c2 \/ Versicherungen \/ Verm\u00f6gensberatung Kapatzias Georgios, Am Pl\u00e4rrer 12, Sparkasse N\u00fcrnberg, 0911 230 1673 K\u03cc\u03ba\u03ba\u03b9\u03bd\u03bf\u03c2 \u03a0\u03b1\u03cd\u03bb\u03bf\u03c2, Barbiergasse 6, 90443 N\u00fcrnberg, 0911 92 86 95 69 Kontou Nina, Achtelstra\u00dfe 8, 91245 Simmelsdorf, 0151 24345003 Krikelis [&hellip;]<\/p>\n","protected":false},"author":1,"featured_media":0,"parent":0,"menu_order":2,"comment_status":"closed","ping_status":"closed","template":"","meta":{"footnotes":""},"class_list":["post-76","page","type-page","status-publish","hentry"],"_links":{"self":[{"href":"https:\/\/www.enimerosi.de\/index.php?rest_route=\/wp\/v2\/pages\/76","targetHints":{"allow":["GET"]}}],"collection":[{"href":"https:\/\/www.enimerosi.de\/index.php?rest_route=\/wp\/v2\/pages"}],"about":[{"href":"https:\/\/www.enimerosi.de\/index.php?rest_route=\/wp\/v2\/types\/page"}],"author":[{"embeddable":true,"href":"https:\/\/www.enimerosi.de\/index.php?rest_route=\/wp\/v2\/users\/1"}],"replies":[{"embeddable":true,"href":"https:\/\/www.enimerosi.de\/index.php?rest_route=%2Fwp%2Fv2%2Fcomments&post=76"}],"version-history":[{"count":68,"href":"https:\/\/www.enimerosi.de\/index.php?rest_route=\/wp\/v2\/pages\/76\/revisions"}],"predecessor-version":[{"id":469,"href":"https:\/\/www.enimerosi.de\/index.php?rest_route=\/wp\/v2\/pages\/76\/revisions\/469"}],"wp:attachment":[{"href":"https:\/\/www.enimerosi.de\/index.php?rest_route=%2Fwp%2Fv2%2Fmedia&parent=76"}],"curies":[{"name":"wp","href":"https:\/\/api.w.org\/{rel}","templated":true}]}}